{"id":4612,"date":"2021-03-16T08:59:02","date_gmt":"2021-03-16T14:59:02","guid":{"rendered":"http:\/\/casadelaculturaac.com\/?page_id=4612"},"modified":"2025-11-04T12:46:23","modified_gmt":"2025-11-04T18:46:23","slug":"presidentes-del-patronato-de-ccr%f0%9f%92%ab","status":"publish","type":"page","link":"https:\/\/casadelaculturaac.com\/?page_id=4612","title":{"rendered":"Presidentes del Patronato de CCR&#x1f4ab;"},"content":{"rendered":"\n<figure class=\"wp-block-image size-large is-resized\"><a href=\"http:\/\/casadelaculturaac.com\/wp-content\/uploads\/2021\/03\/image.png\"><img loading=\"lazy\" decoding=\"async\" width=\"272\" height=\"305\" src=\"http:\/\/casadelaculturaac.com\/wp-content\/uploads\/2021\/03\/image.png\" alt=\"\" class=\"wp-image-4613\" style=\"width:272px;height:305px\" srcset=\"https:\/\/casadelaculturaac.com\/wp-content\/uploads\/2021\/03\/image.png 272w, https:\/\/casadelaculturaac.com\/wp-content\/uploads\/2021\/03\/image-268x300.png 268w\" sizes=\"auto, (max-width: 272px) 100vw, 272px\" \/><\/a><\/figure>\n\n\n\n<p>1979 Sra. Bertha Gonz\u00e1lez<\/p>\n\n\n\n<figure class=\"wp-block-image size-large\"><a href=\"http:\/\/casadelaculturaac.com\/wp-content\/uploads\/2021\/03\/image-1.png\"><img loading=\"lazy\" decoding=\"async\" width=\"233\" height=\"334\" src=\"http:\/\/casadelaculturaac.com\/wp-content\/uploads\/2021\/03\/image-1.png\" alt=\"\" class=\"wp-image-4614\" srcset=\"https:\/\/casadelaculturaac.com\/wp-content\/uploads\/2021\/03\/image-1.png 233w, https:\/\/casadelaculturaac.com\/wp-content\/uploads\/2021\/03\/image-1-209x300.png 209w\" sizes=\"auto, (max-width: 233px) 100vw, 233px\" \/><\/a><\/figure>\n\n\n\n<p>1990 &#8211; Arq. Pedro Ordo\u00f1ez<\/p>\n\n\n\n<figure class=\"wp-block-image size-large\"><a href=\"http:\/\/casadelaculturaac.com\/wp-content\/uploads\/2021\/03\/image-2.png\"><img loading=\"lazy\" decoding=\"async\" width=\"261\" height=\"347\" src=\"http:\/\/casadelaculturaac.com\/wp-content\/uploads\/2021\/03\/image-2.png\" alt=\"\" class=\"wp-image-4615\" srcset=\"https:\/\/casadelaculturaac.com\/wp-content\/uploads\/2021\/03\/image-2.png 261w, https:\/\/casadelaculturaac.com\/wp-content\/uploads\/2021\/03\/image-2-226x300.png 226w\" sizes=\"auto, (max-width: 261px) 100vw, 261px\" \/><\/a><\/figure>\n\n\n\n<p>1992 &#8211; C.P. Samuel Guardiola<\/p>\n\n\n\n<figure class=\"wp-block-image size-large\"><a href=\"http:\/\/casadelaculturaac.com\/wp-content\/uploads\/2021\/03\/image-3.png\"><img loading=\"lazy\" decoding=\"async\" width=\"272\" height=\"354\" src=\"http:\/\/casadelaculturaac.com\/wp-content\/uploads\/2021\/03\/image-3.png\" alt=\"\" class=\"wp-image-4616\" srcset=\"https:\/\/casadelaculturaac.com\/wp-content\/uploads\/2021\/03\/image-3.png 272w, https:\/\/casadelaculturaac.com\/wp-content\/uploads\/2021\/03\/image-3-231x300.png 231w\" sizes=\"auto, (max-width: 272px) 100vw, 272px\" \/><\/a><\/figure>\n\n\n\n<p>1994 &#8211; Ing. Oscar Garza Guajardo<\/p>\n\n\n\n<figure class=\"wp-block-image size-large\"><a href=\"http:\/\/casadelaculturaac.com\/wp-content\/uploads\/2021\/03\/image-4.png\"><img loading=\"lazy\" decoding=\"async\" width=\"385\" height=\"289\" src=\"http:\/\/casadelaculturaac.com\/wp-content\/uploads\/2021\/03\/image-4.png\" alt=\"\" class=\"wp-image-4617\" srcset=\"https:\/\/casadelaculturaac.com\/wp-content\/uploads\/2021\/03\/image-4.png 385w, https:\/\/casadelaculturaac.com\/wp-content\/uploads\/2021\/03\/image-4-300x225.png 300w\" sizes=\"auto, (max-width: 385px) 100vw, 385px\" \/><\/a><\/figure>\n\n\n\n<p>1998 &#8211; Lic. Anibal P\u00e9rez Vargas<\/p>\n\n\n\n<figure class=\"wp-block-image size-large\"><a href=\"http:\/\/casadelaculturaac.com\/wp-content\/uploads\/2021\/03\/image-5.png\"><img loading=\"lazy\" decoding=\"async\" width=\"281\" height=\"435\" src=\"http:\/\/casadelaculturaac.com\/wp-content\/uploads\/2021\/03\/image-5.png\" alt=\"\" class=\"wp-image-4618\" srcset=\"https:\/\/casadelaculturaac.com\/wp-content\/uploads\/2021\/03\/image-5.png 281w, https:\/\/casadelaculturaac.com\/wp-content\/uploads\/2021\/03\/image-5-194x300.png 194w\" sizes=\"auto, (max-width: 281px) 100vw, 281px\" \/><\/a><\/figure>\n\n\n\n<p>2000 &#8211; Lic. Francisco Amanza Villarreal<\/p>\n\n\n\n<figure class=\"wp-block-image size-large\"><a href=\"http:\/\/casadelaculturaac.com\/wp-content\/uploads\/2021\/03\/image-6.png\"><img loading=\"lazy\" decoding=\"async\" width=\"279\" height=\"379\" src=\"http:\/\/casadelaculturaac.com\/wp-content\/uploads\/2021\/03\/image-6.png\" alt=\"\" class=\"wp-image-4619\" srcset=\"https:\/\/casadelaculturaac.com\/wp-content\/uploads\/2021\/03\/image-6.png 279w, https:\/\/casadelaculturaac.com\/wp-content\/uploads\/2021\/03\/image-6-221x300.png 221w\" sizes=\"auto, (max-width: 279px) 100vw, 279px\" \/><\/a><\/figure>\n\n\n\n<p>2001 &#8211; Sra. Guadalupe Garza<\/p>\n\n\n\n<figure class=\"wp-block-image size-large is-resized\"><a href=\"http:\/\/casadelaculturaac.com\/wp-content\/uploads\/2021\/03\/image-7.png\"><img loading=\"lazy\" decoding=\"async\" width=\"226\" height=\"315\" src=\"http:\/\/casadelaculturaac.com\/wp-content\/uploads\/2021\/03\/image-7.png\" alt=\"\" class=\"wp-image-4620\" style=\"width:263px;height:367px\" srcset=\"https:\/\/casadelaculturaac.com\/wp-content\/uploads\/2021\/03\/image-7.png 226w, https:\/\/casadelaculturaac.com\/wp-content\/uploads\/2021\/03\/image-7-215x300.png 215w\" sizes=\"auto, (max-width: 226px) 100vw, 226px\" \/><\/a><\/figure>\n\n\n\n<p>Lic. Bertha Pe\u00f1a Isabel Garza<\/p>\n\n\n\n<figure class=\"wp-block-image size-full is-resized\"><a href=\"https:\/\/casadelaculturaac.com\/wp-content\/uploads\/2025\/11\/Lic.png\"><img loading=\"lazy\" decoding=\"async\" width=\"674\" height=\"900\" src=\"https:\/\/casadelaculturaac.com\/wp-content\/uploads\/2025\/11\/Lic.png\" alt=\"\" class=\"wp-image-5881\" style=\"width:224px;height:auto\" srcset=\"https:\/\/casadelaculturaac.com\/wp-content\/uploads\/2025\/11\/Lic.png 674w, https:\/\/casadelaculturaac.com\/wp-content\/uploads\/2025\/11\/Lic-225x300.png 225w\" sizes=\"auto, (max-width: 674px) 100vw, 674px\" \/><\/a><\/figure>\n\n\n\n<p>Lic. Mar\u00eda Aurora Ram\u00edrez de Dur\u00e1n<\/p>\n","protected":false},"excerpt":{"rendered":"<p>1979 Sra. Bertha Gonz\u00e1lez 1990 &#8211; Arq. Pedro Ordo\u00f1ez 1992 &#8211; C.P. Samuel Guardiola 1994 &#8211; Ing. Oscar Garza Guajardo 1998 &#8211; Lic. Anibal P\u00e9rez<\/p>\n","protected":false},"author":4,"featured_media":4380,"parent":0,"menu_order":0,"comment_status":"closed","ping_status":"closed","template":"","meta":{"footnotes":""},"class_list":["post-4612","page","type-page","status-publish","has-post-thumbnail","hentry"],"_links":{"self":[{"href":"https:\/\/casadelaculturaac.com\/index.php?rest_route=\/wp\/v2\/pages\/4612","targetHints":{"allow":["GET"]}}],"collection":[{"href":"https:\/\/casadelaculturaac.com\/index.php?rest_route=\/wp\/v2\/pages"}],"about":[{"href":"https:\/\/casadelaculturaac.com\/index.php?rest_route=\/wp\/v2\/types\/page"}],"author":[{"embeddable":true,"href":"https:\/\/casadelaculturaac.com\/index.php?rest_route=\/wp\/v2\/users\/4"}],"replies":[{"embeddable":true,"href":"https:\/\/casadelaculturaac.com\/index.php?rest_route=%2Fwp%2Fv2%2Fcomments&post=4612"}],"version-history":[{"count":3,"href":"https:\/\/casadelaculturaac.com\/index.php?rest_route=\/wp\/v2\/pages\/4612\/revisions"}],"predecessor-version":[{"id":5882,"href":"https:\/\/casadelaculturaac.com\/index.php?rest_route=\/wp\/v2\/pages\/4612\/revisions\/5882"}],"wp:featuredmedia":[{"embeddable":true,"href":"https:\/\/casadelaculturaac.com\/index.php?rest_route=\/wp\/v2\/media\/4380"}],"wp:attachment":[{"href":"https:\/\/casadelaculturaac.com\/index.php?rest_route=%2Fwp%2Fv2%2Fmedia&parent=4612"}],"curies":[{"name":"wp","href":"https:\/\/api.w.org\/{rel}","templated":true}]}}