{"id":4606,"date":"2021-03-16T08:52:30","date_gmt":"2021-03-16T14:52:30","guid":{"rendered":"http:\/\/casadelaculturaac.com\/?page_id=4606"},"modified":"2025-11-04T12:42:18","modified_gmt":"2025-11-04T18:42:18","slug":"directores-de-casa-de-la-cultura-de-reynosa-a-c","status":"publish","type":"page","link":"https:\/\/casadelaculturaac.com\/?page_id=4606","title":{"rendered":"Directores de Casa de la Cultura de Reynosa, A.C."},"content":{"rendered":"\n<p>Ana Teresa Luebbert Guti\u00e9rrez<\/p>\n\n\n\n<p>Cristina Plata P\u00e9rez<\/p>\n\n\n\n<p>Norma Posada Morales<\/p>\n\n\n\n<p>Miguel Ancona Res\u00e9ndez<\/p>\n\n\n\n<p>Elsa S\u00e1nchez de Guti\u00e9rrez<\/p>\n\n\n\n<p>Martha Alicia Gonz\u00e1lez de Pe\u00f1a<\/p>\n\n\n\n<p>Olga Fresnillo<\/p>\n\n\n\n<p>Norma Nidia Garc\u00eda<\/p>\n\n\n\n<p>Mar\u00eda Teresa Cant\u00fa de Salinas<\/p>\n\n\n\n<p>Roc\u00edo Margarita Cruz Mart\u00ednez<\/p>\n\n\n\n<p>Belinda Trevi\u00f1o Elizondo<\/p>\n\n\n\n<p>Haydee \u00c1lvarez de Cant\u00fa<\/p>\n\n\n\n<p>Elsa Magda Mungu\u00eda Gonz\u00e1lez<\/p>\n\n\n\n<p>Mirella Lucero Guzm\u00e1n Flores<\/p>\n\n\n<div class=\"wp-block-image\">\n<figure class=\"aligncenter size-large\"><a href=\"http:\/\/casadelaculturaac.com\/wp-content\/uploads\/2021\/03\/Untitled.png\"><img loading=\"lazy\" decoding=\"async\" width=\"621\" height=\"493\" src=\"http:\/\/casadelaculturaac.com\/wp-content\/uploads\/2021\/03\/Untitled.png\" alt=\"\" class=\"wp-image-4607\" srcset=\"https:\/\/casadelaculturaac.com\/wp-content\/uploads\/2021\/03\/Untitled.png 621w, https:\/\/casadelaculturaac.com\/wp-content\/uploads\/2021\/03\/Untitled-300x238.png 300w\" sizes=\"auto, (max-width: 621px) 100vw, 621px\" \/><\/a><\/figure>\n<\/div>","protected":false},"excerpt":{"rendered":"<p>Ana Teresa Luebbert Guti\u00e9rrez Cristina Plata P\u00e9rez Norma Posada Morales Miguel Ancona Res\u00e9ndez Elsa S\u00e1nchez de Guti\u00e9rrez Martha Alicia Gonz\u00e1lez de Pe\u00f1a Olga Fresnillo Norma<\/p>\n","protected":false},"author":4,"featured_media":4521,"parent":0,"menu_order":0,"comment_status":"closed","ping_status":"closed","template":"","meta":{"footnotes":""},"class_list":["post-4606","page","type-page","status-publish","has-post-thumbnail","hentry"],"_links":{"self":[{"href":"https:\/\/casadelaculturaac.com\/index.php?rest_route=\/wp\/v2\/pages\/4606","targetHints":{"allow":["GET"]}}],"collection":[{"href":"https:\/\/casadelaculturaac.com\/index.php?rest_route=\/wp\/v2\/pages"}],"about":[{"href":"https:\/\/casadelaculturaac.com\/index.php?rest_route=\/wp\/v2\/types\/page"}],"author":[{"embeddable":true,"href":"https:\/\/casadelaculturaac.com\/index.php?rest_route=\/wp\/v2\/users\/4"}],"replies":[{"embeddable":true,"href":"https:\/\/casadelaculturaac.com\/index.php?rest_route=%2Fwp%2Fv2%2Fcomments&post=4606"}],"version-history":[{"count":2,"href":"https:\/\/casadelaculturaac.com\/index.php?rest_route=\/wp\/v2\/pages\/4606\/revisions"}],"predecessor-version":[{"id":5879,"href":"https:\/\/casadelaculturaac.com\/index.php?rest_route=\/wp\/v2\/pages\/4606\/revisions\/5879"}],"wp:featuredmedia":[{"embeddable":true,"href":"https:\/\/casadelaculturaac.com\/index.php?rest_route=\/wp\/v2\/media\/4521"}],"wp:attachment":[{"href":"https:\/\/casadelaculturaac.com\/index.php?rest_route=%2Fwp%2Fv2%2Fmedia&parent=4606"}],"curies":[{"name":"wp","href":"https:\/\/api.w.org\/{rel}","templated":true}]}}