{"id":4564,"date":"2021-03-16T07:51:35","date_gmt":"2021-03-16T13:51:35","guid":{"rendered":"http:\/\/casadelaculturaac.com\/?page_id=4564"},"modified":"2021-03-16T08:28:22","modified_gmt":"2021-03-16T14:28:22","slug":"escuela-de-iniciacion-artistica-asociada-al-inbal","status":"publish","type":"page","link":"https:\/\/casadelaculturaac.com\/?page_id=4564","title":{"rendered":"Escuela de Iniciaci\u00f3n Art\u00edstica Asociada al INBAL"},"content":{"rendered":"\n<div class=\"wp-block-image\"><figure class=\"aligncenter size-large\"><a href=\"http:\/\/casadelaculturaac.com\/wp-content\/uploads\/2021\/03\/66668653_1087060944838430_8112314218432167936_o.jpg\"><img loading=\"lazy\" decoding=\"async\" width=\"900\" height=\"600\" src=\"http:\/\/casadelaculturaac.com\/wp-content\/uploads\/2021\/03\/66668653_1087060944838430_8112314218432167936_o.jpg\" alt=\"\" class=\"wp-image-4565\" srcset=\"https:\/\/casadelaculturaac.com\/wp-content\/uploads\/2021\/03\/66668653_1087060944838430_8112314218432167936_o.jpg 900w, https:\/\/casadelaculturaac.com\/wp-content\/uploads\/2021\/03\/66668653_1087060944838430_8112314218432167936_o-300x200.jpg 300w, https:\/\/casadelaculturaac.com\/wp-content\/uploads\/2021\/03\/66668653_1087060944838430_8112314218432167936_o-768x512.jpg 768w, https:\/\/casadelaculturaac.com\/wp-content\/uploads\/2021\/03\/66668653_1087060944838430_8112314218432167936_o-600x400.jpg 600w\" sizes=\"auto, (max-width: 900px) 100vw, 900px\" \/><\/a><\/figure><\/div>\n\n\n\n<p>Desde el a\u00f1o 2011 La Casa de la Cultura de Reynosa pertenece al Programa Nacional Escuelas de Iniciaci\u00f3n Art\u00edstica Asociadas del Instituto Nacional de Bellas Artes.<\/p>\n\n\n\n<p>Las EIAA integran un proceso educativo con base en programas acad\u00e9micos que contemplan los diferentes \u00e1mbitos de formaci\u00f3n en las disciplinas art\u00edsticas en las especialidades de Teatro, Danza, M\u00fasica y ArtesPl\u00e1sticas y Visuales. En este programa, los alumnos reciben durante 6 semestres una capacitaci\u00f3n integral t\u00e9cnica y conceptualmente en la disciplina de su preferencia.<\/p>\n\n\n\n<p>El programa consta de tres etapas de formaci\u00f3n art\u00edsticas, mediante una malla curricular de materias de acuerdo a cada una de las distintas especialidades, las cuales se llevan a cabo por semestres y al finalizar los alumnos reciben un certificado avalado por el INBAL, la Secretar\u00eda de Cultura y Casa de la Cultura de Reynosa, A.C.<\/p>\n\n\n\n<div class=\"wp-block-image\"><figure class=\"aligncenter size-large\"><a href=\"http:\/\/casadelaculturaac.com\/wp-content\/uploads\/2021\/03\/64841872_1087058921505299_1862851840262012928_o.jpg\"><img loading=\"lazy\" decoding=\"async\" width=\"900\" height=\"600\" src=\"http:\/\/casadelaculturaac.com\/wp-content\/uploads\/2021\/03\/64841872_1087058921505299_1862851840262012928_o.jpg\" alt=\"\" class=\"wp-image-4574\" srcset=\"https:\/\/casadelaculturaac.com\/wp-content\/uploads\/2021\/03\/64841872_1087058921505299_1862851840262012928_o.jpg 900w, https:\/\/casadelaculturaac.com\/wp-content\/uploads\/2021\/03\/64841872_1087058921505299_1862851840262012928_o-300x200.jpg 300w, https:\/\/casadelaculturaac.com\/wp-content\/uploads\/2021\/03\/64841872_1087058921505299_1862851840262012928_o-768x512.jpg 768w, https:\/\/casadelaculturaac.com\/wp-content\/uploads\/2021\/03\/64841872_1087058921505299_1862851840262012928_o-600x400.jpg 600w\" sizes=\"auto, (max-width: 900px) 100vw, 900px\" \/><\/a><\/figure><\/div>\n\n\n\n<div class=\"wp-block-image\"><figure class=\"aligncenter size-large\"><a href=\"http:\/\/casadelaculturaac.com\/wp-content\/uploads\/2021\/03\/80354267_1212715468939643_8599128811310678016_o.jpg\"><img loading=\"lazy\" decoding=\"async\" width=\"602\" height=\"900\" src=\"http:\/\/casadelaculturaac.com\/wp-content\/uploads\/2021\/03\/80354267_1212715468939643_8599128811310678016_o.jpg\" alt=\"\" class=\"wp-image-4575\" srcset=\"https:\/\/casadelaculturaac.com\/wp-content\/uploads\/2021\/03\/80354267_1212715468939643_8599128811310678016_o.jpg 602w, https:\/\/casadelaculturaac.com\/wp-content\/uploads\/2021\/03\/80354267_1212715468939643_8599128811310678016_o-201x300.jpg 201w\" sizes=\"auto, (max-width: 602px) 100vw, 602px\" \/><\/a><\/figure><\/div>\n\n\n\n<div class=\"wp-block-image\"><figure class=\"aligncenter size-large\"><a href=\"http:\/\/casadelaculturaac.com\/wp-content\/uploads\/2021\/03\/83909853_1253174958227027_5372210781066625024_o.jpg\"><img loading=\"lazy\" decoding=\"async\" width=\"900\" height=\"600\" src=\"http:\/\/casadelaculturaac.com\/wp-content\/uploads\/2021\/03\/83909853_1253174958227027_5372210781066625024_o.jpg\" alt=\"\" class=\"wp-image-4576\" srcset=\"https:\/\/casadelaculturaac.com\/wp-content\/uploads\/2021\/03\/83909853_1253174958227027_5372210781066625024_o.jpg 900w, https:\/\/casadelaculturaac.com\/wp-content\/uploads\/2021\/03\/83909853_1253174958227027_5372210781066625024_o-300x200.jpg 300w, https:\/\/casadelaculturaac.com\/wp-content\/uploads\/2021\/03\/83909853_1253174958227027_5372210781066625024_o-768x512.jpg 768w, https:\/\/casadelaculturaac.com\/wp-content\/uploads\/2021\/03\/83909853_1253174958227027_5372210781066625024_o-600x400.jpg 600w\" sizes=\"auto, (max-width: 900px) 100vw, 900px\" \/><\/a><\/figure><\/div>\n\n\n\n<div class=\"wp-block-image\"><figure class=\"aligncenter size-large\"><a href=\"http:\/\/casadelaculturaac.com\/wp-content\/uploads\/2021\/03\/72556528_1148592358685288_7951822070948560896_o.jpg\"><img loading=\"lazy\" decoding=\"async\" width=\"900\" height=\"600\" src=\"http:\/\/casadelaculturaac.com\/wp-content\/uploads\/2021\/03\/72556528_1148592358685288_7951822070948560896_o.jpg\" alt=\"\" class=\"wp-image-4577\" srcset=\"https:\/\/casadelaculturaac.com\/wp-content\/uploads\/2021\/03\/72556528_1148592358685288_7951822070948560896_o.jpg 900w, https:\/\/casadelaculturaac.com\/wp-content\/uploads\/2021\/03\/72556528_1148592358685288_7951822070948560896_o-300x200.jpg 300w, https:\/\/casadelaculturaac.com\/wp-content\/uploads\/2021\/03\/72556528_1148592358685288_7951822070948560896_o-768x512.jpg 768w, https:\/\/casadelaculturaac.com\/wp-content\/uploads\/2021\/03\/72556528_1148592358685288_7951822070948560896_o-600x400.jpg 600w\" sizes=\"auto, (max-width: 900px) 100vw, 900px\" \/><\/a><\/figure><\/div>\n\n\n\n<div class=\"wp-block-image\"><figure class=\"aligncenter size-large\"><a href=\"http:\/\/casadelaculturaac.com\/wp-content\/uploads\/2021\/03\/68935583_1113859545491903_8677344842990223360_o.jpg\"><img loading=\"lazy\" decoding=\"async\" width=\"695\" height=\"900\" src=\"http:\/\/casadelaculturaac.com\/wp-content\/uploads\/2021\/03\/68935583_1113859545491903_8677344842990223360_o.jpg\" alt=\"\" class=\"wp-image-4568\" srcset=\"https:\/\/casadelaculturaac.com\/wp-content\/uploads\/2021\/03\/68935583_1113859545491903_8677344842990223360_o.jpg 695w, https:\/\/casadelaculturaac.com\/wp-content\/uploads\/2021\/03\/68935583_1113859545491903_8677344842990223360_o-232x300.jpg 232w\" sizes=\"auto, (max-width: 695px) 100vw, 695px\" \/><\/a><\/figure><\/div>\n\n\n\n<p><\/p>\n","protected":false},"excerpt":{"rendered":"<p>Desde el a\u00f1o 2011 La Casa de la Cultura de Reynosa pertenece al Programa Nacional Escuelas de Iniciaci\u00f3n Art\u00edstica Asociadas del Instituto Nacional de Bellas<\/p>\n","protected":false},"author":4,"featured_media":4567,"parent":0,"menu_order":0,"comment_status":"closed","ping_status":"closed","template":"","meta":{"footnotes":""},"class_list":["post-4564","page","type-page","status-publish","has-post-thumbnail","hentry"],"_links":{"self":[{"href":"https:\/\/casadelaculturaac.com\/index.php?rest_route=\/wp\/v2\/pages\/4564","targetHints":{"allow":["GET"]}}],"collection":[{"href":"https:\/\/casadelaculturaac.com\/index.php?rest_route=\/wp\/v2\/pages"}],"about":[{"href":"https:\/\/casadelaculturaac.com\/index.php?rest_route=\/wp\/v2\/types\/page"}],"author":[{"embeddable":true,"href":"https:\/\/casadelaculturaac.com\/index.php?rest_route=\/wp\/v2\/users\/4"}],"replies":[{"embeddable":true,"href":"https:\/\/casadelaculturaac.com\/index.php?rest_route=%2Fwp%2Fv2%2Fcomments&post=4564"}],"version-history":[{"count":2,"href":"https:\/\/casadelaculturaac.com\/index.php?rest_route=\/wp\/v2\/pages\/4564\/revisions"}],"predecessor-version":[{"id":4578,"href":"https:\/\/casadelaculturaac.com\/index.php?rest_route=\/wp\/v2\/pages\/4564\/revisions\/4578"}],"wp:featuredmedia":[{"embeddable":true,"href":"https:\/\/casadelaculturaac.com\/index.php?rest_route=\/wp\/v2\/media\/4567"}],"wp:attachment":[{"href":"https:\/\/casadelaculturaac.com\/index.php?rest_route=%2Fwp%2Fv2%2Fmedia&parent=4564"}],"curies":[{"name":"wp","href":"https:\/\/api.w.org\/{rel}","templated":true}]}}