{"id":4556,"date":"2021-03-16T07:41:48","date_gmt":"2021-03-16T13:41:48","guid":{"rendered":"http:\/\/casadelaculturaac.com\/?page_id=4556"},"modified":"2021-03-16T07:41:48","modified_gmt":"2021-03-16T13:41:48","slug":"produccion-teatral%f0%9f%8c%9f","status":"publish","type":"page","link":"https:\/\/casadelaculturaac.com\/?page_id=4556","title":{"rendered":"Producci\u00f3n Teatral&#x1f31f;"},"content":{"rendered":"\n<figure class=\"wp-block-image size-large\"><a href=\"http:\/\/casadelaculturaac.com\/wp-content\/uploads\/2021\/03\/95293247_1823277724473436_4927021636831412224_n.jpg\"><img loading=\"lazy\" decoding=\"async\" width=\"960\" height=\"640\" src=\"http:\/\/casadelaculturaac.com\/wp-content\/uploads\/2021\/03\/95293247_1823277724473436_4927021636831412224_n.jpg\" alt=\"\" class=\"wp-image-4557\" srcset=\"https:\/\/casadelaculturaac.com\/wp-content\/uploads\/2021\/03\/95293247_1823277724473436_4927021636831412224_n.jpg 960w, https:\/\/casadelaculturaac.com\/wp-content\/uploads\/2021\/03\/95293247_1823277724473436_4927021636831412224_n-300x200.jpg 300w, https:\/\/casadelaculturaac.com\/wp-content\/uploads\/2021\/03\/95293247_1823277724473436_4927021636831412224_n-768x512.jpg 768w, https:\/\/casadelaculturaac.com\/wp-content\/uploads\/2021\/03\/95293247_1823277724473436_4927021636831412224_n-600x400.jpg 600w\" sizes=\"auto, (max-width: 960px) 100vw, 960px\" \/><\/a><\/figure>\n\n\n\n<p>Casa de la Cultura de Reynosa, A.C. cuenta con el taller de Producci\u00f3n Teatral, a cargo del <strong>Maestro Eduardo Calder\u00f3n y el Maestro Tayde\u00e9 Hern\u00e1ndez.<\/strong><\/p>\n\n\n\n<p>Puedes formar parte del taller a partir de los 10 a\u00f1os, las clases son entre semana. <\/p>\n\n\n\n<div class=\"wp-block-image\"><figure class=\"aligncenter size-large\"><a href=\"http:\/\/casadelaculturaac.com\/wp-content\/uploads\/2021\/03\/87039875_1269709993240190_7126971853700071424_o.jpg\"><img loading=\"lazy\" decoding=\"async\" width=\"900\" height=\"600\" src=\"http:\/\/casadelaculturaac.com\/wp-content\/uploads\/2021\/03\/87039875_1269709993240190_7126971853700071424_o.jpg\" alt=\"\" class=\"wp-image-4558\" srcset=\"https:\/\/casadelaculturaac.com\/wp-content\/uploads\/2021\/03\/87039875_1269709993240190_7126971853700071424_o.jpg 900w, https:\/\/casadelaculturaac.com\/wp-content\/uploads\/2021\/03\/87039875_1269709993240190_7126971853700071424_o-300x200.jpg 300w, https:\/\/casadelaculturaac.com\/wp-content\/uploads\/2021\/03\/87039875_1269709993240190_7126971853700071424_o-768x512.jpg 768w, https:\/\/casadelaculturaac.com\/wp-content\/uploads\/2021\/03\/87039875_1269709993240190_7126971853700071424_o-600x400.jpg 600w\" sizes=\"auto, (max-width: 900px) 100vw, 900px\" \/><\/a><\/figure><\/div>\n","protected":false},"excerpt":{"rendered":"<p>Casa de la Cultura de Reynosa, A.C. cuenta con el taller de Producci\u00f3n Teatral, a cargo del Maestro Eduardo Calder\u00f3n y el Maestro Tayde\u00e9 Hern\u00e1ndez.<\/p>\n","protected":false},"author":4,"featured_media":4559,"parent":0,"menu_order":0,"comment_status":"closed","ping_status":"closed","template":"","meta":{"footnotes":""},"class_list":["post-4556","page","type-page","status-publish","has-post-thumbnail","hentry"],"_links":{"self":[{"href":"https:\/\/casadelaculturaac.com\/index.php?rest_route=\/wp\/v2\/pages\/4556","targetHints":{"allow":["GET"]}}],"collection":[{"href":"https:\/\/casadelaculturaac.com\/index.php?rest_route=\/wp\/v2\/pages"}],"about":[{"href":"https:\/\/casadelaculturaac.com\/index.php?rest_route=\/wp\/v2\/types\/page"}],"author":[{"embeddable":true,"href":"https:\/\/casadelaculturaac.com\/index.php?rest_route=\/wp\/v2\/users\/4"}],"replies":[{"embeddable":true,"href":"https:\/\/casadelaculturaac.com\/index.php?rest_route=%2Fwp%2Fv2%2Fcomments&post=4556"}],"version-history":[{"count":1,"href":"https:\/\/casadelaculturaac.com\/index.php?rest_route=\/wp\/v2\/pages\/4556\/revisions"}],"predecessor-version":[{"id":4562,"href":"https:\/\/casadelaculturaac.com\/index.php?rest_route=\/wp\/v2\/pages\/4556\/revisions\/4562"}],"wp:featuredmedia":[{"embeddable":true,"href":"https:\/\/casadelaculturaac.com\/index.php?rest_route=\/wp\/v2\/media\/4559"}],"wp:attachment":[{"href":"https:\/\/casadelaculturaac.com\/index.php?rest_route=%2Fwp%2Fv2%2Fmedia&parent=4556"}],"curies":[{"name":"wp","href":"https:\/\/api.w.org\/{rel}","templated":true}]}}