{"id":4480,"date":"2021-03-15T11:29:43","date_gmt":"2021-03-15T17:29:43","guid":{"rendered":"http:\/\/casadelaculturaac.com\/?page_id=4480"},"modified":"2021-03-15T11:29:43","modified_gmt":"2021-03-15T17:29:43","slug":"artes-plasticas-y-visuales%f0%9f%92%9b","status":"publish","type":"page","link":"https:\/\/casadelaculturaac.com\/?page_id=4480","title":{"rendered":"Artes Pl\u00e1sticas y Visuales&#x1f49b;"},"content":{"rendered":"\n<p>Casa de la Cultura de Reynosa, A.C. cuenta con talleres de Artes Pl\u00e1sticas y Visuales tales como:<\/p>\n\n\n\n<div class=\"wp-block-image\"><figure class=\"aligncenter size-large\"><a href=\"http:\/\/casadelaculturaac.com\/wp-content\/uploads\/2020\/06\/4apyb.jpg\"><img loading=\"lazy\" decoding=\"async\" width=\"642\" height=\"960\" src=\"http:\/\/casadelaculturaac.com\/wp-content\/uploads\/2020\/06\/4apyb.jpg\" alt=\"\" class=\"wp-image-3984\" srcset=\"https:\/\/casadelaculturaac.com\/wp-content\/uploads\/2020\/06\/4apyb.jpg 642w, https:\/\/casadelaculturaac.com\/wp-content\/uploads\/2020\/06\/4apyb-201x300.jpg 201w\" sizes=\"auto, (max-width: 642px) 100vw, 642px\" \/><\/a><\/figure><\/div>\n\n\n\n<p><strong>Pintura<\/strong> (a partir de los 6 a\u00f1os)<\/p>\n\n\n\n<div class=\"wp-block-image\"><figure class=\"aligncenter size-large\"><a href=\"http:\/\/casadelaculturaac.com\/wp-content\/uploads\/2020\/06\/11-1.jpg\"><img loading=\"lazy\" decoding=\"async\" width=\"642\" height=\"960\" src=\"http:\/\/casadelaculturaac.com\/wp-content\/uploads\/2020\/06\/11-1.jpg\" alt=\"\" class=\"wp-image-3978\" srcset=\"https:\/\/casadelaculturaac.com\/wp-content\/uploads\/2020\/06\/11-1.jpg 642w, https:\/\/casadelaculturaac.com\/wp-content\/uploads\/2020\/06\/11-1-201x300.jpg 201w\" sizes=\"auto, (max-width: 642px) 100vw, 642px\" \/><\/a><\/figure><\/div>\n\n\n\n<p><strong>Exploraci\u00f3n a las Artes Visuales<\/strong> (a partir de los 8 a\u00f1os)<\/p>\n\n\n\n<div class=\"wp-block-image\"><figure class=\"aligncenter size-large\"><a href=\"http:\/\/casadelaculturaac.com\/wp-content\/uploads\/2020\/06\/1apyb.jpg\"><img loading=\"lazy\" decoding=\"async\" width=\"642\" height=\"960\" src=\"http:\/\/casadelaculturaac.com\/wp-content\/uploads\/2020\/06\/1apyb.jpg\" alt=\"\" class=\"wp-image-3981\" srcset=\"https:\/\/casadelaculturaac.com\/wp-content\/uploads\/2020\/06\/1apyb.jpg 642w, https:\/\/casadelaculturaac.com\/wp-content\/uploads\/2020\/06\/1apyb-201x300.jpg 201w\" sizes=\"auto, (max-width: 642px) 100vw, 642px\" \/><\/a><\/figure><\/div>\n","protected":false},"excerpt":{"rendered":"<p>Casa de la Cultura de Reynosa, A.C. cuenta con talleres de Artes Pl\u00e1sticas y Visuales tales como: Pintura (a partir de los 6 a\u00f1os) Exploraci\u00f3n<\/p>\n","protected":false},"author":4,"featured_media":3983,"parent":0,"menu_order":0,"comment_status":"closed","ping_status":"closed","template":"","meta":{"footnotes":""},"class_list":["post-4480","page","type-page","status-publish","has-post-thumbnail","hentry"],"_links":{"self":[{"href":"https:\/\/casadelaculturaac.com\/index.php?rest_route=\/wp\/v2\/pages\/4480","targetHints":{"allow":["GET"]}}],"collection":[{"href":"https:\/\/casadelaculturaac.com\/index.php?rest_route=\/wp\/v2\/pages"}],"about":[{"href":"https:\/\/casadelaculturaac.com\/index.php?rest_route=\/wp\/v2\/types\/page"}],"author":[{"embeddable":true,"href":"https:\/\/casadelaculturaac.com\/index.php?rest_route=\/wp\/v2\/users\/4"}],"replies":[{"embeddable":true,"href":"https:\/\/casadelaculturaac.com\/index.php?rest_route=%2Fwp%2Fv2%2Fcomments&post=4480"}],"version-history":[{"count":1,"href":"https:\/\/casadelaculturaac.com\/index.php?rest_route=\/wp\/v2\/pages\/4480\/revisions"}],"predecessor-version":[{"id":4483,"href":"https:\/\/casadelaculturaac.com\/index.php?rest_route=\/wp\/v2\/pages\/4480\/revisions\/4483"}],"wp:featuredmedia":[{"embeddable":true,"href":"https:\/\/casadelaculturaac.com\/index.php?rest_route=\/wp\/v2\/media\/3983"}],"wp:attachment":[{"href":"https:\/\/casadelaculturaac.com\/index.php?rest_route=%2Fwp%2Fv2%2Fmedia&parent=4480"}],"curies":[{"name":"wp","href":"https:\/\/api.w.org\/{rel}","templated":true}]}}