{"id":4388,"date":"2021-03-14T01:54:15","date_gmt":"2021-03-14T07:54:15","guid":{"rendered":"http:\/\/casadelaculturaac.com\/?page_id=4388"},"modified":"2021-03-16T08:31:27","modified_gmt":"2021-03-16T14:31:27","slug":"bertha-gonzalez-de-garza-zamora","status":"publish","type":"page","link":"https:\/\/casadelaculturaac.com\/?page_id=4388","title":{"rendered":"Bertha Gonz\u00e1lez de Garza Zamora"},"content":{"rendered":"\n<div class=\"wp-block-image\"><figure class=\"aligncenter size-large\"><a href=\"http:\/\/casadelaculturaac.com\/wp-content\/uploads\/2021\/03\/thumbnail_FOTO-DONA-BERTHA.jpg\"><img loading=\"lazy\" decoding=\"async\" width=\"642\" height=\"720\" src=\"http:\/\/casadelaculturaac.com\/wp-content\/uploads\/2021\/03\/thumbnail_FOTO-DONA-BERTHA.jpg\" alt=\"\" class=\"wp-image-4389\" srcset=\"https:\/\/casadelaculturaac.com\/wp-content\/uploads\/2021\/03\/thumbnail_FOTO-DONA-BERTHA.jpg 642w, https:\/\/casadelaculturaac.com\/wp-content\/uploads\/2021\/03\/thumbnail_FOTO-DONA-BERTHA-268x300.jpg 268w\" sizes=\"auto, (max-width: 642px) 100vw, 642px\" \/><\/a><\/figure><\/div>\n\n\n\n<p>Originaria de Monterrey, N. L. fue hija del s\u00f3lido matrimonio formado por la se\u00f1ora Feliz Gonz\u00e1lez y el Lic. Coronel de caballer\u00eda Benito Gonz\u00e1lez, del Ej\u00e9rcito Constitucionalista.<\/p>\n\n\n\n<p>Vivaz e inteligente, curs\u00f3 sus estudios primarios y comerciales en el Colegio Salesiano de Mar\u00eda Auxiliadora, habiendo demostrado brillantes aptitudes para la pintura y guiada por la mano experta del maestro Antonio Decanini, destaca y se hace acreedora a una beca que le otorga el C. Aaron S\u00e1enz, Gobernador del Estado, en la Academia de San Carlos de Cd. de M\u00e9xico, el a\u00f1o de 1927.<\/p>\n\n\n\n<p>Ya en su querida Reynosa, forma una familia digna y unida con don Manuel Garza Zamora y con sus hijos Bertha Isabel, Luis Manuel, Carlos Armando, Eduardo Horacio y Mar\u00eda Guadalupe. Activa, participa al lado de su esposo como primera dama de la ciudad de 1933 a 1936, al ser distinguido este como Presidente Municipal y m\u00e1s tarde, como senador por el estado de Tamaulipas. Intervino con un grupo de damas reynosenses en la fundaci\u00f3n del Club Social de Damas, Mesa Redonda Panamericana y Club de Leones de Reynosa, A.C.<\/p>\n\n\n\n<p>Fue, por su filantrop\u00eda y altruismo, primer presidente del Comit\u00e9 de Damas de la Cruz Roja Mexicana. A iniciativa de Monse\u00f1or Ma. Armora y Gonz\u00e1lez, en el a\u00f1o de 1945, preside el Patronato Pro-contracci\u00f3n del templo de Nuestra Se\u00f1ora de Guadalupe. En 1950 junto con un selecto grupo de damas de Reynosa, inicia la tarea de construir la iglesia de Nuestra Se\u00f1ora de Guadalupe y pinta la imagen que hoy engalana el altar mayor de nuestra iglesia.<\/p>\n\n\n\n<p>M\u00faltiples actividades realiza en bien de esta progresista ciudad. a su iniciativa, el pintor tlaxcalteca Desiderio Fern\u00e1ndez Xochitiotzin realiza el magnifico mural que contiene el proceso hist\u00f3rico de este pueblo.<\/p>\n\n\n\n<p>Es miembro del Seminario de Cultura Mexicana, corresponsal\u00eda Reynosa, tribuna desde la cual se cultiva la idea de construir para Reynosa una casa de la cultura.<\/p>\n\n\n\n<p>En 1978, como titular del Seminario, convoca a los socios del casino Reynosa a ceder su edificio en comodato, acci\u00f3n que se concreta en 1979, siendo sub-titular del Instituto Nacional de Bellas Artes el maestro V\u00edctor Sandoval, quien la inaugura.<\/p>\n\n\n\n<p>Desde entonces, y con entusiasmo sin l\u00edmites, preside en su condici\u00f3n de fundadora del patronato de la instituci\u00f3n que por su calidad se ubica entre las mejores del Estado y la regi\u00f3n. El R. ayuntamiento de Reynosa, en justicia, le tributa un reconocimiento el 22 de julio de 1993, al imponerle su nombre a la calle en la que su ubica la Casa de la Cultura por ella iniciada, reconocimiento que la ciudadan\u00eda le valida y estima.<\/p>\n\n\n\n<p>El 3 de noviembre de 1994, Do\u00f1a Bertha Gonz\u00e1lez de Garza Zamora, parte a su descanso eterno. Sus restos mortales, reciben calida despedida en el Templo de Nuestra<\/p>\n\n\n\n<p>Se\u00f1ora de Guadalupe y la Casa de la Cultura, dos de las muchas obras que su fruct\u00edfera vida realiz\u00f3.<\/p>\n\n\n\n<p>El 3 de noviembre de 1995, como homenaje a su invaluable labor, el patronato de casa de la cultura realiza la revelaci\u00f3n del busto de do\u00f1a Bertha y el Auditorio de la instituci\u00f3n pasa a ser: Auditorio Bertha G. de Garza Zamora.<\/p>\n\n\n\n<div class=\"wp-block-image\"><figure class=\"aligncenter size-large is-resized\"><a href=\"http:\/\/casadelaculturaac.com\/wp-content\/uploads\/2021\/03\/thumbnail_IMG_0019.jpg\"><img loading=\"lazy\" decoding=\"async\" src=\"http:\/\/casadelaculturaac.com\/wp-content\/uploads\/2021\/03\/thumbnail_IMG_0019.jpg\" alt=\"\" class=\"wp-image-4391\" width=\"620\" height=\"413\" srcset=\"https:\/\/casadelaculturaac.com\/wp-content\/uploads\/2021\/03\/thumbnail_IMG_0019.jpg 900w, https:\/\/casadelaculturaac.com\/wp-content\/uploads\/2021\/03\/thumbnail_IMG_0019-300x200.jpg 300w, https:\/\/casadelaculturaac.com\/wp-content\/uploads\/2021\/03\/thumbnail_IMG_0019-768x512.jpg 768w, https:\/\/casadelaculturaac.com\/wp-content\/uploads\/2021\/03\/thumbnail_IMG_0019-600x400.jpg 600w\" sizes=\"auto, (max-width: 620px) 100vw, 620px\" \/><\/a><figcaption>En reconocimiento a su labor en el desarrollo de nuestra ciudad, el Republicano Ayuntamiento de Reynosa le tributa un reconocimiento el 22 de julio de 1993, al imponerle su nombre a la calle en la que su ubica la Casa de la Cultura.<\/figcaption><\/figure><\/div>\n\n\n\n<div class=\"wp-block-image\"><figure class=\"aligncenter size-large\"><a href=\"http:\/\/casadelaculturaac.com\/wp-content\/uploads\/2021\/03\/thumbnail_IMG_0017-1.jpg\"><img loading=\"lazy\" decoding=\"async\" width=\"600\" height=\"900\" src=\"http:\/\/casadelaculturaac.com\/wp-content\/uploads\/2021\/03\/thumbnail_IMG_0017-1.jpg\" alt=\"\" class=\"wp-image-4397\" srcset=\"https:\/\/casadelaculturaac.com\/wp-content\/uploads\/2021\/03\/thumbnail_IMG_0017-1.jpg 600w, https:\/\/casadelaculturaac.com\/wp-content\/uploads\/2021\/03\/thumbnail_IMG_0017-1-200x300.jpg 200w\" sizes=\"auto, (max-width: 600px) 100vw, 600px\" \/><\/a><figcaption>El 3 de noviembre de 1995, como homenaje a su invaluable labor, el Patronato de Casa de la Cultura realiza la develaci\u00f3n del busto de Do\u00f1a Bertha y se le asigna su nombre al auditorio de la instituci\u00f3n.<\/figcaption><\/figure><\/div>\n","protected":false},"excerpt":{"rendered":"<p>Originaria de Monterrey, N. L. fue hija del s\u00f3lido matrimonio formado por la se\u00f1ora Feliz Gonz\u00e1lez y el Lic. Coronel de caballer\u00eda Benito Gonz\u00e1lez, del<\/p>\n","protected":false},"author":4,"featured_media":0,"parent":0,"menu_order":0,"comment_status":"closed","ping_status":"closed","template":"","meta":{"footnotes":""},"class_list":["post-4388","page","type-page","status-publish","hentry"],"_links":{"self":[{"href":"https:\/\/casadelaculturaac.com\/index.php?rest_route=\/wp\/v2\/pages\/4388","targetHints":{"allow":["GET"]}}],"collection":[{"href":"https:\/\/casadelaculturaac.com\/index.php?rest_route=\/wp\/v2\/pages"}],"about":[{"href":"https:\/\/casadelaculturaac.com\/index.php?rest_route=\/wp\/v2\/types\/page"}],"author":[{"embeddable":true,"href":"https:\/\/casadelaculturaac.com\/index.php?rest_route=\/wp\/v2\/users\/4"}],"replies":[{"embeddable":true,"href":"https:\/\/casadelaculturaac.com\/index.php?rest_route=%2Fwp%2Fv2%2Fcomments&post=4388"}],"version-history":[{"count":3,"href":"https:\/\/casadelaculturaac.com\/index.php?rest_route=\/wp\/v2\/pages\/4388\/revisions"}],"predecessor-version":[{"id":4580,"href":"https:\/\/casadelaculturaac.com\/index.php?rest_route=\/wp\/v2\/pages\/4388\/revisions\/4580"}],"wp:attachment":[{"href":"https:\/\/casadelaculturaac.com\/index.php?rest_route=%2Fwp%2Fv2%2Fmedia&parent=4388"}],"curies":[{"name":"wp","href":"https:\/\/api.w.org\/{rel}","templated":true}]}}