{"id":4581,"date":"2021-03-16T08:37:11","date_gmt":"2021-03-16T14:37:11","guid":{"rendered":"http:\/\/casadelaculturaac.com\/?page_id=4581"},"modified":"2021-03-16T08:37:11","modified_gmt":"2021-03-16T14:37:11","slug":"programas-extra-muros","status":"publish","type":"page","link":"http:\/\/casadelaculturaac.com\/?page_id=4581","title":{"rendered":"Programas Extra Muros"},"content":{"rendered":"\n<p>Como parte de su funci\u00f3n social de la instituci\u00f3n se dise\u00f1a y lleva a cabo el programa Arte y Cultura en tu escuela, que imparte los talleres libres a los alumnos de escuelas primarias federales en el municipio en coordinaci\u00f3n con el Republicano Ayuntamiento, el cual ha beneficiado a m\u00e1s de 2500 alumnos, quienes han tenido la oportunidad de tener un acercamiento a las disciplinas del arte.<\/p>\n\n\n\n<figure class=\"wp-block-image size-large\"><a href=\"http:\/\/casadelaculturaac.com\/wp-content\/uploads\/2021\/03\/89304183_1284140881797101_7755702568449212416_o.jpg\"><img loading=\"lazy\" decoding=\"async\" width=\"900\" height=\"600\" src=\"http:\/\/casadelaculturaac.com\/wp-content\/uploads\/2021\/03\/89304183_1284140881797101_7755702568449212416_o.jpg\" alt=\"\" class=\"wp-image-4582\" srcset=\"http:\/\/casadelaculturaac.com\/wp-content\/uploads\/2021\/03\/89304183_1284140881797101_7755702568449212416_o.jpg 900w, http:\/\/casadelaculturaac.com\/wp-content\/uploads\/2021\/03\/89304183_1284140881797101_7755702568449212416_o-300x200.jpg 300w, http:\/\/casadelaculturaac.com\/wp-content\/uploads\/2021\/03\/89304183_1284140881797101_7755702568449212416_o-768x512.jpg 768w, http:\/\/casadelaculturaac.com\/wp-content\/uploads\/2021\/03\/89304183_1284140881797101_7755702568449212416_o-600x400.jpg 600w\" sizes=\"auto, (max-width: 900px) 100vw, 900px\" \/><\/a><\/figure>\n\n\n\n<p>De igual manera, dentro del proyecto extramuros, se realizan convenios de colaboraci\u00f3n con empresas e instituciones privadas, con el objetivo de ofrecer talleres de arte a ni\u00f1os, j\u00f3venes y adultos de poblaciones vulnerables y con capacidades diferentes<\/p>\n\n\n\n<div class=\"wp-block-image\"><figure class=\"aligncenter size-large\"><a href=\"http:\/\/casadelaculturaac.com\/wp-content\/uploads\/2021\/03\/89697793_1284137488464107_6917588620312313856_o.jpg\"><img loading=\"lazy\" decoding=\"async\" width=\"900\" height=\"600\" src=\"http:\/\/casadelaculturaac.com\/wp-content\/uploads\/2021\/03\/89697793_1284137488464107_6917588620312313856_o.jpg\" alt=\"\" class=\"wp-image-4583\" srcset=\"http:\/\/casadelaculturaac.com\/wp-content\/uploads\/2021\/03\/89697793_1284137488464107_6917588620312313856_o.jpg 900w, http:\/\/casadelaculturaac.com\/wp-content\/uploads\/2021\/03\/89697793_1284137488464107_6917588620312313856_o-300x200.jpg 300w, http:\/\/casadelaculturaac.com\/wp-content\/uploads\/2021\/03\/89697793_1284137488464107_6917588620312313856_o-768x512.jpg 768w, http:\/\/casadelaculturaac.com\/wp-content\/uploads\/2021\/03\/89697793_1284137488464107_6917588620312313856_o-600x400.jpg 600w\" sizes=\"auto, (max-width: 900px) 100vw, 900px\" \/><\/a><\/figure><\/div>\n","protected":false},"excerpt":{"rendered":"<p>Como parte de su funci\u00f3n social de la instituci\u00f3n se dise\u00f1a y lleva a cabo el programa Arte y Cultura en tu escuela, que imparte<\/p>\n","protected":false},"author":4,"featured_media":4584,"parent":0,"menu_order":0,"comment_status":"closed","ping_status":"closed","template":"","meta":{"footnotes":""},"class_list":["post-4581","page","type-page","status-publish","has-post-thumbnail","hentry"],"_links":{"self":[{"href":"http:\/\/casadelaculturaac.com\/index.php?rest_route=\/wp\/v2\/pages\/4581","targetHints":{"allow":["GET"]}}],"collection":[{"href":"http:\/\/casadelaculturaac.com\/index.php?rest_route=\/wp\/v2\/pages"}],"about":[{"href":"http:\/\/casadelaculturaac.com\/index.php?rest_route=\/wp\/v2\/types\/page"}],"author":[{"embeddable":true,"href":"http:\/\/casadelaculturaac.com\/index.php?rest_route=\/wp\/v2\/users\/4"}],"replies":[{"embeddable":true,"href":"http:\/\/casadelaculturaac.com\/index.php?rest_route=%2Fwp%2Fv2%2Fcomments&post=4581"}],"version-history":[{"count":1,"href":"http:\/\/casadelaculturaac.com\/index.php?rest_route=\/wp\/v2\/pages\/4581\/revisions"}],"predecessor-version":[{"id":4587,"href":"http:\/\/casadelaculturaac.com\/index.php?rest_route=\/wp\/v2\/pages\/4581\/revisions\/4587"}],"wp:featuredmedia":[{"embeddable":true,"href":"http:\/\/casadelaculturaac.com\/index.php?rest_route=\/wp\/v2\/media\/4584"}],"wp:attachment":[{"href":"http:\/\/casadelaculturaac.com\/index.php?rest_route=%2Fwp%2Fv2%2Fmedia&parent=4581"}],"curies":[{"name":"wp","href":"https:\/\/api.w.org\/{rel}","templated":true}]}}