{"id":4547,"date":"2021-03-16T07:06:21","date_gmt":"2021-03-16T13:06:21","guid":{"rendered":"http:\/\/casadelaculturaac.com\/?page_id=4547"},"modified":"2021-03-16T07:06:21","modified_gmt":"2021-03-16T13:06:21","slug":"teatro%f0%9f%8e%ad","status":"publish","type":"page","link":"http:\/\/casadelaculturaac.com\/?page_id=4547","title":{"rendered":"Teatro&#x1f3ad;"},"content":{"rendered":"\n<div class=\"wp-block-image\"><figure class=\"aligncenter size-large\"><a href=\"http:\/\/casadelaculturaac.com\/wp-content\/uploads\/2021\/03\/79434684_1212715138939676_1008963263225921536_o.jpg\"><img loading=\"lazy\" decoding=\"async\" width=\"602\" height=\"900\" src=\"http:\/\/casadelaculturaac.com\/wp-content\/uploads\/2021\/03\/79434684_1212715138939676_1008963263225921536_o.jpg\" alt=\"\" class=\"wp-image-4548\" srcset=\"http:\/\/casadelaculturaac.com\/wp-content\/uploads\/2021\/03\/79434684_1212715138939676_1008963263225921536_o.jpg 602w, http:\/\/casadelaculturaac.com\/wp-content\/uploads\/2021\/03\/79434684_1212715138939676_1008963263225921536_o-201x300.jpg 201w\" sizes=\"auto, (max-width: 602px) 100vw, 602px\" \/><\/a><\/figure><\/div>\n\n\n\n<p>Casa de la Cultura de Reynosa, A.C. cuenta con la disciplina de teatro a cargo del <strong>Maestro Eduardo Calder\u00f3n y el Maestro Tayde\u00e9 Hern\u00e1ndez.<\/strong><\/p>\n\n\n\n<p>El taller de teatro realiza presentaciones a lo largo del a\u00f1o, entre ellas se destacan sus participaciones en el D\u00eda de Muertos, Pastorelas Navide\u00f1as, etc.<\/p>\n\n\n\n<figure class=\"wp-block-image size-large\"><a href=\"http:\/\/casadelaculturaac.com\/wp-content\/uploads\/2021\/03\/123273830_2013500185451188_7011754787920480063_o.jpg\"><img loading=\"lazy\" decoding=\"async\" width=\"900\" height=\"600\" src=\"http:\/\/casadelaculturaac.com\/wp-content\/uploads\/2021\/03\/123273830_2013500185451188_7011754787920480063_o.jpg\" alt=\"\" class=\"wp-image-4550\" srcset=\"http:\/\/casadelaculturaac.com\/wp-content\/uploads\/2021\/03\/123273830_2013500185451188_7011754787920480063_o.jpg 900w, http:\/\/casadelaculturaac.com\/wp-content\/uploads\/2021\/03\/123273830_2013500185451188_7011754787920480063_o-300x200.jpg 300w, http:\/\/casadelaculturaac.com\/wp-content\/uploads\/2021\/03\/123273830_2013500185451188_7011754787920480063_o-768x512.jpg 768w, http:\/\/casadelaculturaac.com\/wp-content\/uploads\/2021\/03\/123273830_2013500185451188_7011754787920480063_o-600x400.jpg 600w\" sizes=\"auto, (max-width: 900px) 100vw, 900px\" \/><\/a><\/figure>\n\n\n\n<div class=\"wp-block-image\"><figure class=\"aligncenter size-large\"><a href=\"http:\/\/casadelaculturaac.com\/wp-content\/uploads\/2021\/03\/131676838_2063908393743700_5114216591009211847_o.jpg\"><img loading=\"lazy\" decoding=\"async\" width=\"900\" height=\"600\" src=\"http:\/\/casadelaculturaac.com\/wp-content\/uploads\/2021\/03\/131676838_2063908393743700_5114216591009211847_o.jpg\" alt=\"\" class=\"wp-image-4549\" srcset=\"http:\/\/casadelaculturaac.com\/wp-content\/uploads\/2021\/03\/131676838_2063908393743700_5114216591009211847_o.jpg 900w, http:\/\/casadelaculturaac.com\/wp-content\/uploads\/2021\/03\/131676838_2063908393743700_5114216591009211847_o-300x200.jpg 300w, http:\/\/casadelaculturaac.com\/wp-content\/uploads\/2021\/03\/131676838_2063908393743700_5114216591009211847_o-768x512.jpg 768w, http:\/\/casadelaculturaac.com\/wp-content\/uploads\/2021\/03\/131676838_2063908393743700_5114216591009211847_o-600x400.jpg 600w\" sizes=\"auto, (max-width: 900px) 100vw, 900px\" \/><\/a><\/figure><\/div>\n","protected":false},"excerpt":{"rendered":"<p>Casa de la Cultura de Reynosa, A.C. cuenta con la disciplina de teatro a cargo del Maestro Eduardo Calder\u00f3n y el Maestro Tayde\u00e9 Hern\u00e1ndez. El<\/p>\n","protected":false},"author":4,"featured_media":4551,"parent":0,"menu_order":0,"comment_status":"closed","ping_status":"closed","template":"","meta":{"footnotes":""},"class_list":["post-4547","page","type-page","status-publish","has-post-thumbnail","hentry"],"_links":{"self":[{"href":"http:\/\/casadelaculturaac.com\/index.php?rest_route=\/wp\/v2\/pages\/4547","targetHints":{"allow":["GET"]}}],"collection":[{"href":"http:\/\/casadelaculturaac.com\/index.php?rest_route=\/wp\/v2\/pages"}],"about":[{"href":"http:\/\/casadelaculturaac.com\/index.php?rest_route=\/wp\/v2\/types\/page"}],"author":[{"embeddable":true,"href":"http:\/\/casadelaculturaac.com\/index.php?rest_route=\/wp\/v2\/users\/4"}],"replies":[{"embeddable":true,"href":"http:\/\/casadelaculturaac.com\/index.php?rest_route=%2Fwp%2Fv2%2Fcomments&post=4547"}],"version-history":[{"count":1,"href":"http:\/\/casadelaculturaac.com\/index.php?rest_route=\/wp\/v2\/pages\/4547\/revisions"}],"predecessor-version":[{"id":4554,"href":"http:\/\/casadelaculturaac.com\/index.php?rest_route=\/wp\/v2\/pages\/4547\/revisions\/4554"}],"wp:featuredmedia":[{"embeddable":true,"href":"http:\/\/casadelaculturaac.com\/index.php?rest_route=\/wp\/v2\/media\/4551"}],"wp:attachment":[{"href":"http:\/\/casadelaculturaac.com\/index.php?rest_route=%2Fwp%2Fv2%2Fmedia&parent=4547"}],"curies":[{"name":"wp","href":"https:\/\/api.w.org\/{rel}","templated":true}]}}