{"id":4498,"date":"2021-03-16T00:16:57","date_gmt":"2021-03-16T06:16:57","guid":{"rendered":"http:\/\/casadelaculturaac.com\/?page_id=4498"},"modified":"2021-03-16T00:22:05","modified_gmt":"2021-03-16T06:22:05","slug":"musica","status":"publish","type":"page","link":"http:\/\/casadelaculturaac.com\/?page_id=4498","title":{"rendered":"M\u00fasica&#x1f3b6;"},"content":{"rendered":"\n<div class=\"wp-block-image\"><figure class=\"aligncenter size-large\"><a href=\"http:\/\/casadelaculturaac.com\/wp-content\/uploads\/2021\/03\/86969529_1266548186889704_1958560333140328448_o.jpg\"><img loading=\"lazy\" decoding=\"async\" width=\"900\" height=\"600\" src=\"http:\/\/casadelaculturaac.com\/wp-content\/uploads\/2021\/03\/86969529_1266548186889704_1958560333140328448_o.jpg\" alt=\"\" class=\"wp-image-4499\" srcset=\"http:\/\/casadelaculturaac.com\/wp-content\/uploads\/2021\/03\/86969529_1266548186889704_1958560333140328448_o.jpg 900w, http:\/\/casadelaculturaac.com\/wp-content\/uploads\/2021\/03\/86969529_1266548186889704_1958560333140328448_o-300x200.jpg 300w, http:\/\/casadelaculturaac.com\/wp-content\/uploads\/2021\/03\/86969529_1266548186889704_1958560333140328448_o-768x512.jpg 768w, http:\/\/casadelaculturaac.com\/wp-content\/uploads\/2021\/03\/86969529_1266548186889704_1958560333140328448_o-600x400.jpg 600w\" sizes=\"auto, (max-width: 900px) 100vw, 900px\" \/><\/a><\/figure><\/div>\n\n\n\n<p>Casa de la Cultura de Reynosa, A.C. cuenta con talleres individuales y grupales de m\u00fasica a cargo de los<\/p>\n\n\n\n<p><strong>Maestros<\/strong><\/p>\n\n\n\n<p><strong><em>Roberto D\u00edaz<\/em><\/strong><\/p>\n\n\n\n<p><strong><em>William Le\u00f3n <\/em><\/strong><\/p>\n\n\n\n<p><strong><em>Mayra Dom\u00ednguez<\/em><\/strong><\/p>\n\n\n\n<p><strong><em>Ramiro Garza<\/em><\/strong><\/p>\n\n\n\n<p>Te invitamos a formar parte del taller de viol\u00edn, piano, saxof\u00f3n o guitarra. Contamos con clases entre semana e individuales.<\/p>\n\n\n\n<div class=\"wp-block-image\"><figure class=\"aligncenter size-large\"><a href=\"http:\/\/casadelaculturaac.com\/wp-content\/uploads\/2021\/03\/65588991_1527637260704152_750944056401461248_o.jpg\"><img loading=\"lazy\" decoding=\"async\" width=\"900\" height=\"600\" src=\"http:\/\/casadelaculturaac.com\/wp-content\/uploads\/2021\/03\/65588991_1527637260704152_750944056401461248_o.jpg\" alt=\"\" class=\"wp-image-4500\" srcset=\"http:\/\/casadelaculturaac.com\/wp-content\/uploads\/2021\/03\/65588991_1527637260704152_750944056401461248_o.jpg 900w, http:\/\/casadelaculturaac.com\/wp-content\/uploads\/2021\/03\/65588991_1527637260704152_750944056401461248_o-300x200.jpg 300w, http:\/\/casadelaculturaac.com\/wp-content\/uploads\/2021\/03\/65588991_1527637260704152_750944056401461248_o-768x512.jpg 768w, http:\/\/casadelaculturaac.com\/wp-content\/uploads\/2021\/03\/65588991_1527637260704152_750944056401461248_o-600x400.jpg 600w\" sizes=\"auto, (max-width: 900px) 100vw, 900px\" \/><\/a><\/figure><\/div>\n\n\n\n<p><\/p>\n","protected":false},"excerpt":{"rendered":"<p>Casa de la Cultura de Reynosa, A.C. cuenta con talleres individuales y grupales de m\u00fasica a cargo de los Maestros Roberto D\u00edaz William Le\u00f3n Mayra<\/p>\n","protected":false},"author":4,"featured_media":0,"parent":0,"menu_order":0,"comment_status":"closed","ping_status":"closed","template":"","meta":{"footnotes":""},"class_list":["post-4498","page","type-page","status-publish","hentry"],"_links":{"self":[{"href":"http:\/\/casadelaculturaac.com\/index.php?rest_route=\/wp\/v2\/pages\/4498","targetHints":{"allow":["GET"]}}],"collection":[{"href":"http:\/\/casadelaculturaac.com\/index.php?rest_route=\/wp\/v2\/pages"}],"about":[{"href":"http:\/\/casadelaculturaac.com\/index.php?rest_route=\/wp\/v2\/types\/page"}],"author":[{"embeddable":true,"href":"http:\/\/casadelaculturaac.com\/index.php?rest_route=\/wp\/v2\/users\/4"}],"replies":[{"embeddable":true,"href":"http:\/\/casadelaculturaac.com\/index.php?rest_route=%2Fwp%2Fv2%2Fcomments&post=4498"}],"version-history":[{"count":2,"href":"http:\/\/casadelaculturaac.com\/index.php?rest_route=\/wp\/v2\/pages\/4498\/revisions"}],"predecessor-version":[{"id":4505,"href":"http:\/\/casadelaculturaac.com\/index.php?rest_route=\/wp\/v2\/pages\/4498\/revisions\/4505"}],"wp:attachment":[{"href":"http:\/\/casadelaculturaac.com\/index.php?rest_route=%2Fwp%2Fv2%2Fmedia&parent=4498"}],"curies":[{"name":"wp","href":"https:\/\/api.w.org\/{rel}","templated":true}]}}