{"id":3868,"date":"2020-06-08T14:05:43","date_gmt":"2020-06-08T20:05:43","guid":{"rendered":"http:\/\/casadelaculturaac.com\/?page_id=3868"},"modified":"2021-03-13T14:11:42","modified_gmt":"2021-03-13T20:11:42","slug":"historia","status":"publish","type":"page","link":"http:\/\/casadelaculturaac.com\/?page_id=3868","title":{"rendered":"Historia."},"content":{"rendered":"\n<h1 class=\"wp-block-heading\"><strong>Fundaci\u00f3n.<\/strong><\/h1>\n\n\n\n<div class=\"wp-block-image is-style-default\"><figure class=\"aligncenter size-full\"><a href=\"http:\/\/casadelaculturaac.com\/wp-content\/uploads\/2013\/09\/periodico2-0288.jpg\"><img loading=\"lazy\" decoding=\"async\" width=\"550\" height=\"400\" src=\"http:\/\/casadelaculturaac.com\/wp-content\/uploads\/2013\/09\/periodico2-0288.jpg\" alt=\"periodico2 0288\" class=\"wp-image-2009\" srcset=\"http:\/\/casadelaculturaac.com\/wp-content\/uploads\/2013\/09\/periodico2-0288.jpg 550w, http:\/\/casadelaculturaac.com\/wp-content\/uploads\/2013\/09\/periodico2-0288-300x218.jpg 300w\" sizes=\"auto, (max-width: 550px) 100vw, 550px\" \/><\/a><\/figure><\/div>\n\n\n\n<div class=\"wp-block-image\"><figure class=\"aligncenter\"><a href=\"http:\/\/casadelaculturaac.com\/wp-content\/uploads\/2013\/09\/periodico2-0300.jpg\"><img loading=\"lazy\" decoding=\"async\" width=\"564\" height=\"400\" src=\"http:\/\/casadelaculturaac.com\/wp-content\/uploads\/2013\/09\/periodico2-0300.jpg\" alt=\"periodico2 0300\" class=\"wp-image-2010\" srcset=\"http:\/\/casadelaculturaac.com\/wp-content\/uploads\/2013\/09\/periodico2-0300.jpg 564w, http:\/\/casadelaculturaac.com\/wp-content\/uploads\/2013\/09\/periodico2-0300-300x212.jpg 300w\" sizes=\"auto, (max-width: 564px) 100vw, 564px\" \/><\/a><\/figure><\/div>\n\n\n\n<div class=\"wp-block-image\"><figure class=\"aligncenter\"><a href=\"http:\/\/casadelaculturaac.com\/wp-content\/uploads\/2013\/09\/periodico2-02666.jpg\"><img loading=\"lazy\" decoding=\"async\" width=\"568\" height=\"400\" src=\"http:\/\/casadelaculturaac.com\/wp-content\/uploads\/2013\/09\/periodico2-02666.jpg\" alt=\"periodico2 02666\" class=\"wp-image-2011\" srcset=\"http:\/\/casadelaculturaac.com\/wp-content\/uploads\/2013\/09\/periodico2-02666.jpg 568w, http:\/\/casadelaculturaac.com\/wp-content\/uploads\/2013\/09\/periodico2-02666-300x211.jpg 300w\" sizes=\"auto, (max-width: 568px) 100vw, 568px\" \/><\/a><\/figure><\/div>\n\n\n\n<p><br>Casa de la Cultura de Reynosa, A.C., &nbsp;inici\u00f3 su labor en Septiembre de 1978, como resultado de las gestiones hechas por el Seminario de Cultura Mexicana, Corresponsal\u00eda Reynosa.<\/p>\n\n\n\n<p>Los miembros de esa agrupaci\u00f3n, encabezados por Do\u00f1a Bertha Gonz\u00e1lez de Garza Zamora, se dieron a la tarea de fundar una instituci\u00f3n que ofreciera a la comunidad espacios para la creaci\u00f3n y el goce de las artes y que le consiguiera para la cultura la jerarqu\u00eda que le corresponde en la sociedad local.<\/p>\n\n\n\n<p>En Diciembre de 1977 lograron que el Casino Reynosa, S. C., cediera en comodato gratuito la planta alta de su edificio. Con la asesor\u00eda del Instituto Nacional de Bellas Artes, se iniciaron los trabajos para adecuar el espacio. En Septiembre del a\u00f1o siguiente se realiz\u00f3 la primera exposici\u00f3n pict\u00f3rica.<\/p>\n\n\n\n<p>Al firmarse el Acta Constitutiva de Casa de la Cultura de Reynosa, A. C., en Enero de 1979, hab\u00edan sido ya cedidas las dos plantas del antiguo Casino Reynosa a la naciente organizaci\u00f3n. A mediados de 1982 empezaron a funcionar los primeros Talleres de Iniciaci\u00f3n Art\u00edstica, estando al servicio de la poblaci\u00f3n en general. Actualmente ofrecen la iniciaci\u00f3n en Ballet Cl\u00e1sico, Ballet Folkl\u00f3rico, Jazz (Danza Moderna), Pintura, Arte y Creatividad, Guitarra, Piano, Viol\u00edn, T\u00e9cnica Coral y Vocalizaci\u00f3n, Teatro para ni\u00f1os y actuaci\u00f3n adultos.&nbsp; Adem\u00e1s est\u00e1n por abrirse los talleres de: Flamenco, Fotograf\u00eda Digital, Pintura Avanzados, Historia del Arte y Tahitiano.<\/p>\n\n\n\n<p>As\u00ed mismo se difunden las diversas manifestaciones art\u00edsticas y culturales mediante la presentaci\u00f3n de obras teatrales, exposiciones pict\u00f3ricas, conciertos, conferencias, espect\u00e1culos de danza, con la participaci\u00f3n de artistas de importancia internacional, nacional y local.<\/p>\n\n\n\n<p>En estas dos \u00e1reas de trabajo \u2013 la difusi\u00f3n de las manifestaciones art\u00edsticas y los talleres de iniciaci\u00f3n art\u00edstica, Casa de la Cultura de Reynosa, A.C., tiene como objetivo integrar a la comunidad a un trabajo de apertura y rescate de su esencia art\u00edstica.<\/p>\n\n\n\n<p>Para alcanzar esta meta, el edificio cuenta con una sala en la que se montan un promedio de 18 exposiciones anuales; un foro usado por el taller de teatro y en el que se presenta, alrededor de 80 espect\u00e1culos culturales, nueve salones y tres cub\u00edculos para los talleres de iniciaci\u00f3n art\u00edstica, en los que se instruyen alrededor de 800 alumnos al a\u00f1o, en un ciclo escolar&nbsp; y un curso de verano. A partir de Febrero de 1995, con la colaboraci\u00f3n de las escuelas de la localidad, se realizan visitas guiadas para grupos escolares de todos los niveles. Durante los primeros seis meses, se recibieron alrededor de 1,200 alumnos, quienes reciben 2 o m\u00e1s clases del \u00e1rea art\u00edstica gracias a la labor generosa de la instituci\u00f3n y que actualmente el programa lleva el nombre de&nbsp; Talleres Municipales de Iniciaci\u00f3n Art\u00edstica.<\/p>\n\n\n\n<p>Desde 1995 en coordinaci\u00f3n con el Consejo Nacional para la Cultura y las Artes, Casa de la Cultura trajo a Reynosa el Festival Internacional de la Raza; ahora Festival Internacional de la Frontera. Colaborando con el Instituto Tamaulipeco para la Cultura y las Artes de Tamaulipas, participa en el Festival Lomas de San Antonio ahora Festival Internacional Tamaulipas \u2013 Reynosa.<\/p>\n\n\n\n<p>Implement\u00f3 un programa con la Empresa Maquiladora Alcom Electr\u00f3nicos de M\u00e9xico de quien recib\u00eda un importante donativo mensual. El proyecto consist\u00eda en capacitar a sus empleados en las distintas manifestaciones art\u00edsticas hasta lograr la agrupaci\u00f3n de Grupo de Danza Folkl\u00f3rica, Grupo de Guitarras y Expositores que representaban a la empresa en las distintas actividades que llevaban a cabo.&nbsp; En este mismo programa actualmente contamos con una aportaci\u00f3n mensual de la Universidad Tecnol\u00f3gica de Tamaulipas Norte y en agradecimiento nuestra instituci\u00f3n ofrece a sus alumnos los talleres de: Guitarra, Teatro, Pintura y Danza Folkl\u00f3rica.<\/p>\n\n\n\n<p>Para financiar sus actividades, cuenta con un subsidio del Gobierno Municipal, las mensualidades que aportan sus alumnos, as\u00ed como aportaciones de personas altruistas, adem\u00e1s&nbsp; de importantes patrocinios de firmas comerciales. El buen uso de estos recursos es verificado mensualmente por el Patronato de Casa de la Cultura, integrado por personas de gran calidad moral.<\/p>\n","protected":false},"excerpt":{"rendered":"<p>Fundaci\u00f3n. Casa de la Cultura de Reynosa, A.C., &nbsp;inici\u00f3 su labor en Septiembre de 1978, como resultado de las gestiones hechas por el Seminario de<\/p>\n","protected":false},"author":4,"featured_media":606,"parent":0,"menu_order":0,"comment_status":"closed","ping_status":"closed","template":"","meta":{"footnotes":""},"class_list":["post-3868","page","type-page","status-publish","has-post-thumbnail","hentry"],"_links":{"self":[{"href":"http:\/\/casadelaculturaac.com\/index.php?rest_route=\/wp\/v2\/pages\/3868","targetHints":{"allow":["GET"]}}],"collection":[{"href":"http:\/\/casadelaculturaac.com\/index.php?rest_route=\/wp\/v2\/pages"}],"about":[{"href":"http:\/\/casadelaculturaac.com\/index.php?rest_route=\/wp\/v2\/types\/page"}],"author":[{"embeddable":true,"href":"http:\/\/casadelaculturaac.com\/index.php?rest_route=\/wp\/v2\/users\/4"}],"replies":[{"embeddable":true,"href":"http:\/\/casadelaculturaac.com\/index.php?rest_route=%2Fwp%2Fv2%2Fcomments&post=3868"}],"version-history":[{"count":2,"href":"http:\/\/casadelaculturaac.com\/index.php?rest_route=\/wp\/v2\/pages\/3868\/revisions"}],"predecessor-version":[{"id":3870,"href":"http:\/\/casadelaculturaac.com\/index.php?rest_route=\/wp\/v2\/pages\/3868\/revisions\/3870"}],"wp:featuredmedia":[{"embeddable":true,"href":"http:\/\/casadelaculturaac.com\/index.php?rest_route=\/wp\/v2\/media\/606"}],"wp:attachment":[{"href":"http:\/\/casadelaculturaac.com\/index.php?rest_route=%2Fwp%2Fv2%2Fmedia&parent=3868"}],"curies":[{"name":"wp","href":"https:\/\/api.w.org\/{rel}","templated":true}]}}